{"id":189,"date":"2022-10-16T17:49:32","date_gmt":"2022-10-16T15:49:32","guid":{"rendered":"https:\/\/boutique.marinakyem.com\/?post_type=product&#038;p=189"},"modified":"2022-10-16T17:56:17","modified_gmt":"2022-10-16T15:56:17","slug":"pack-deluxe-xxl-elles","status":"publish","type":"product","link":"https:\/\/boutique.marinakyem.com\/index.php\/produit\/pack-deluxe-xxl-elles\/","title":{"rendered":"Pack Deluxe XXL &#8211; Elles"},"content":{"rendered":"<p>Nombre de pages : 140<\/p>\n<p>Poids : 174g + goodies<\/p>\n<p>ISBN : 978-2-9579629-1-4<\/p>\n","protected":false},"excerpt":{"rendered":"<p>La box XXL, c&#8217;est quoi ?<br \/>\nEn plus du recueil d\u00e9dicac\u00e9, de son marque-page, de gourmandises, d&#8217;un masque pour le visage, d&#8217;un bracelet, je vous propose une pochette pour prot\u00e9ger vos romans lorsque vous les transportez. Pratique, \u00e9pais mais suffisament petit et l\u00e9ger pour glisser le tout dans votre sac \u00e0 main.<br \/>\nDifficile de r\u00e9sister&#8230;Allez, on se laisse tenter ! (pour soi, ou pour un cadeau tout doux).<\/p>\n<p>\u00ab Un rendez-vous manqu\u00e9 n\u2019est pas annul\u00e9. Il peut simplement \u00eatre report\u00e9. \u00bb<\/p>\n<p>C\u2019est le message que Louise, Aur\u00e9lie, ou encore Marie d\u00e9livrent \u00e0 travers ce recueil de nouvelles.<\/p>\n<p>Adolescente tortur\u00e9e ou femme hant\u00e9e de regrets, chacune a une histoire \u00e0 raconter.<\/p>\n<p>Des pens\u00e9es les plus sombres aux plus heureuses, berc\u00e9es d\u2019espoir et de r\u00e9silience, c\u2019est sous ce jour qu\u2019elles se d\u00e9voilent.<\/p>\n<p>Un recueil dans lequel toutes les femmes se reconna\u00eetront.<\/p>\n","protected":false},"featured_media":188,"comment_status":"open","ping_status":"closed","template":"","meta":[],"product_brand":[],"product_cat":[32],"product_tag":[],"class_list":{"0":"post-189","1":"product","2":"type-product","3":"status-publish","4":"has-post-thumbnail","6":"product_cat-packs-deluxe","8":"first","9":"instock","10":"shipping-taxable","11":"purchasable","12":"product-type-simple"},"yoast_head":"<!-- This site is optimized with the Yoast SEO plugin v27.3 - https:\/\/yoast.com\/product\/yoast-seo-wordpress\/ -->\n<title>Pack Deluxe XXL - Elles ~ MarinaKyEm.com<\/title>\n<meta name=\"description\" content=\"Faites-vous plaisir avec ce pack deluxe XXL. Au menu ? Le recueil de nouvelles Elles, des gourmandises, un bracelet et une pochette.\" \/>\n<meta name=\"robots\" content=\"index, follow, max-snippet:-1, max-image-preview:large, max-video-preview:-1\" \/>\n<link rel=\"canonical\" href=\"https:\/\/boutique.marinakyem.com\/index.php\/produit\/pack-deluxe-xxl-elles\/\" \/>\n<meta property=\"og:locale\" content=\"en_US\" \/>\n<meta property=\"og:type\" content=\"article\" \/>\n<meta property=\"og:title\" content=\"Pack Deluxe XXL - Elles ~ MarinaKyEm.com\" \/>\n<meta property=\"og:description\" content=\"Faites-vous plaisir avec ce pack deluxe XXL. Au menu ? Le recueil de nouvelles Elles, des gourmandises, un bracelet et une pochette.\" \/>\n<meta property=\"og:url\" content=\"https:\/\/boutique.marinakyem.com\/index.php\/produit\/pack-deluxe-xxl-elles\/\" \/>\n<meta property=\"og:site_name\" content=\"MarinaKyEm.com\" \/>\n<meta property=\"article:publisher\" content=\"https:\/\/www.facebook.com\/Marina_KyEm-104265781894733\/posts\" \/>\n<meta property=\"article:modified_time\" content=\"2022-10-16T15:56:17+00:00\" \/>\n<meta property=\"og:image\" content=\"https:\/\/boutique.marinakyem.com\/wp-content\/uploads\/2022\/10\/boutique-3.png\" \/>\n\t<meta property=\"og:image:width\" content=\"500\" \/>\n\t<meta property=\"og:image:height\" content=\"500\" \/>\n\t<meta property=\"og:image:type\" content=\"image\/png\" \/>\n<meta name=\"twitter:card\" content=\"summary_large_image\" \/>\n<meta name=\"twitter:label1\" content=\"Est. reading time\" \/>\n\t<meta name=\"twitter:data1\" content=\"1 minute\" \/>\n<script type=\"application\/ld+json\" class=\"yoast-schema-graph\">{\"@context\":\"https:\\\/\\\/schema.org\",\"@graph\":[{\"@type\":\"WebPage\",\"@id\":\"https:\\\/\\\/boutique.marinakyem.com\\\/index.php\\\/produit\\\/pack-deluxe-xxl-elles\\\/\",\"url\":\"https:\\\/\\\/boutique.marinakyem.com\\\/index.php\\\/produit\\\/pack-deluxe-xxl-elles\\\/\",\"name\":\"Pack Deluxe XXL - Elles ~ MarinaKyEm.com\",\"isPartOf\":{\"@id\":\"https:\\\/\\\/boutique.marinakyem.com\\\/#website\"},\"primaryImageOfPage\":{\"@id\":\"https:\\\/\\\/boutique.marinakyem.com\\\/index.php\\\/produit\\\/pack-deluxe-xxl-elles\\\/#primaryimage\"},\"image\":{\"@id\":\"https:\\\/\\\/boutique.marinakyem.com\\\/index.php\\\/produit\\\/pack-deluxe-xxl-elles\\\/#primaryimage\"},\"thumbnailUrl\":\"https:\\\/\\\/boutique.marinakyem.com\\\/wp-content\\\/uploads\\\/2022\\\/10\\\/boutique-3.png\",\"datePublished\":\"2022-10-16T15:49:32+00:00\",\"dateModified\":\"2022-10-16T15:56:17+00:00\",\"description\":\"Faites-vous plaisir avec ce pack deluxe XXL. Au menu ? Le recueil de nouvelles Elles, des gourmandises, un bracelet et une pochette.\",\"breadcrumb\":{\"@id\":\"https:\\\/\\\/boutique.marinakyem.com\\\/index.php\\\/produit\\\/pack-deluxe-xxl-elles\\\/#breadcrumb\"},\"inLanguage\":\"en-US\",\"potentialAction\":[{\"@type\":\"ReadAction\",\"target\":[\"https:\\\/\\\/boutique.marinakyem.com\\\/index.php\\\/produit\\\/pack-deluxe-xxl-elles\\\/\"]}]},{\"@type\":\"ImageObject\",\"inLanguage\":\"en-US\",\"@id\":\"https:\\\/\\\/boutique.marinakyem.com\\\/index.php\\\/produit\\\/pack-deluxe-xxl-elles\\\/#primaryimage\",\"url\":\"https:\\\/\\\/boutique.marinakyem.com\\\/wp-content\\\/uploads\\\/2022\\\/10\\\/boutique-3.png\",\"contentUrl\":\"https:\\\/\\\/boutique.marinakyem.com\\\/wp-content\\\/uploads\\\/2022\\\/10\\\/boutique-3.png\",\"width\":500,\"height\":500,\"caption\":\"pochette-elles\"},{\"@type\":\"BreadcrumbList\",\"@id\":\"https:\\\/\\\/boutique.marinakyem.com\\\/index.php\\\/produit\\\/pack-deluxe-xxl-elles\\\/#breadcrumb\",\"itemListElement\":[{\"@type\":\"ListItem\",\"position\":1,\"name\":\"Accueil\",\"item\":\"https:\\\/\\\/boutique.marinakyem.com\\\/\"},{\"@type\":\"ListItem\",\"position\":2,\"name\":\"Boutique\",\"item\":\"https:\\\/\\\/boutique.marinakyem.com\\\/\"},{\"@type\":\"ListItem\",\"position\":3,\"name\":\"Pack Deluxe XXL &#8211; Elles\"}]},{\"@type\":\"WebSite\",\"@id\":\"https:\\\/\\\/boutique.marinakyem.com\\\/#website\",\"url\":\"https:\\\/\\\/boutique.marinakyem.com\\\/\",\"name\":\"MarinaKyEm.com\",\"description\":\"\",\"publisher\":{\"@id\":\"https:\\\/\\\/boutique.marinakyem.com\\\/#organization\"},\"potentialAction\":[{\"@type\":\"SearchAction\",\"target\":{\"@type\":\"EntryPoint\",\"urlTemplate\":\"https:\\\/\\\/boutique.marinakyem.com\\\/?s={search_term_string}\"},\"query-input\":{\"@type\":\"PropertyValueSpecification\",\"valueRequired\":true,\"valueName\":\"search_term_string\"}}],\"inLanguage\":\"en-US\"},{\"@type\":\"Organization\",\"@id\":\"https:\\\/\\\/boutique.marinakyem.com\\\/#organization\",\"name\":\"Marina KyEm\",\"url\":\"https:\\\/\\\/boutique.marinakyem.com\\\/\",\"logo\":{\"@type\":\"ImageObject\",\"inLanguage\":\"en-US\",\"@id\":\"https:\\\/\\\/boutique.marinakyem.com\\\/#\\\/schema\\\/logo\\\/image\\\/\",\"url\":\"https:\\\/\\\/boutique.marinakyem.com\\\/wp-content\\\/uploads\\\/2022\\\/05\\\/cropped-cropped-cropped-Marina-6-1.png\",\"contentUrl\":\"https:\\\/\\\/boutique.marinakyem.com\\\/wp-content\\\/uploads\\\/2022\\\/05\\\/cropped-cropped-cropped-Marina-6-1.png\",\"width\":384,\"height\":255,\"caption\":\"Marina KyEm\"},\"image\":{\"@id\":\"https:\\\/\\\/boutique.marinakyem.com\\\/#\\\/schema\\\/logo\\\/image\\\/\"},\"sameAs\":[\"https:\\\/\\\/www.facebook.com\\\/Marina_KyEm-104265781894733\\\/posts\",\"https:\\\/\\\/www.instagram.com\\\/marina_kyem_auteure\\\/\"]}]}<\/script>\n<!-- \/ Yoast SEO plugin. -->","yoast_head_json":{"title":"Pack Deluxe XXL - Elles ~ MarinaKyEm.com","description":"Faites-vous plaisir avec ce pack deluxe XXL. Au menu ? Le recueil de nouvelles Elles, des gourmandises, un bracelet et une pochette.","robots":{"index":"index","follow":"follow","max-snippet":"max-snippet:-1","max-image-preview":"max-image-preview:large","max-video-preview":"max-video-preview:-1"},"canonical":"https:\/\/boutique.marinakyem.com\/index.php\/produit\/pack-deluxe-xxl-elles\/","og_locale":"en_US","og_type":"article","og_title":"Pack Deluxe XXL - Elles ~ MarinaKyEm.com","og_description":"Faites-vous plaisir avec ce pack deluxe XXL. Au menu ? Le recueil de nouvelles Elles, des gourmandises, un bracelet et une pochette.","og_url":"https:\/\/boutique.marinakyem.com\/index.php\/produit\/pack-deluxe-xxl-elles\/","og_site_name":"MarinaKyEm.com","article_publisher":"https:\/\/www.facebook.com\/Marina_KyEm-104265781894733\/posts","article_modified_time":"2022-10-16T15:56:17+00:00","og_image":[{"width":500,"height":500,"url":"https:\/\/boutique.marinakyem.com\/wp-content\/uploads\/2022\/10\/boutique-3.png","type":"image\/png"}],"twitter_card":"summary_large_image","twitter_misc":{"Est. reading time":"1 minute"},"schema":{"@context":"https:\/\/schema.org","@graph":[{"@type":"WebPage","@id":"https:\/\/boutique.marinakyem.com\/index.php\/produit\/pack-deluxe-xxl-elles\/","url":"https:\/\/boutique.marinakyem.com\/index.php\/produit\/pack-deluxe-xxl-elles\/","name":"Pack Deluxe XXL - Elles ~ MarinaKyEm.com","isPartOf":{"@id":"https:\/\/boutique.marinakyem.com\/#website"},"primaryImageOfPage":{"@id":"https:\/\/boutique.marinakyem.com\/index.php\/produit\/pack-deluxe-xxl-elles\/#primaryimage"},"image":{"@id":"https:\/\/boutique.marinakyem.com\/index.php\/produit\/pack-deluxe-xxl-elles\/#primaryimage"},"thumbnailUrl":"https:\/\/boutique.marinakyem.com\/wp-content\/uploads\/2022\/10\/boutique-3.png","datePublished":"2022-10-16T15:49:32+00:00","dateModified":"2022-10-16T15:56:17+00:00","description":"Faites-vous plaisir avec ce pack deluxe XXL. Au menu ? Le recueil de nouvelles Elles, des gourmandises, un bracelet et une pochette.","breadcrumb":{"@id":"https:\/\/boutique.marinakyem.com\/index.php\/produit\/pack-deluxe-xxl-elles\/#breadcrumb"},"inLanguage":"en-US","potentialAction":[{"@type":"ReadAction","target":["https:\/\/boutique.marinakyem.com\/index.php\/produit\/pack-deluxe-xxl-elles\/"]}]},{"@type":"ImageObject","inLanguage":"en-US","@id":"https:\/\/boutique.marinakyem.com\/index.php\/produit\/pack-deluxe-xxl-elles\/#primaryimage","url":"https:\/\/boutique.marinakyem.com\/wp-content\/uploads\/2022\/10\/boutique-3.png","contentUrl":"https:\/\/boutique.marinakyem.com\/wp-content\/uploads\/2022\/10\/boutique-3.png","width":500,"height":500,"caption":"pochette-elles"},{"@type":"BreadcrumbList","@id":"https:\/\/boutique.marinakyem.com\/index.php\/produit\/pack-deluxe-xxl-elles\/#breadcrumb","itemListElement":[{"@type":"ListItem","position":1,"name":"Accueil","item":"https:\/\/boutique.marinakyem.com\/"},{"@type":"ListItem","position":2,"name":"Boutique","item":"https:\/\/boutique.marinakyem.com\/"},{"@type":"ListItem","position":3,"name":"Pack Deluxe XXL &#8211; Elles"}]},{"@type":"WebSite","@id":"https:\/\/boutique.marinakyem.com\/#website","url":"https:\/\/boutique.marinakyem.com\/","name":"MarinaKyEm.com","description":"","publisher":{"@id":"https:\/\/boutique.marinakyem.com\/#organization"},"potentialAction":[{"@type":"SearchAction","target":{"@type":"EntryPoint","urlTemplate":"https:\/\/boutique.marinakyem.com\/?s={search_term_string}"},"query-input":{"@type":"PropertyValueSpecification","valueRequired":true,"valueName":"search_term_string"}}],"inLanguage":"en-US"},{"@type":"Organization","@id":"https:\/\/boutique.marinakyem.com\/#organization","name":"Marina KyEm","url":"https:\/\/boutique.marinakyem.com\/","logo":{"@type":"ImageObject","inLanguage":"en-US","@id":"https:\/\/boutique.marinakyem.com\/#\/schema\/logo\/image\/","url":"https:\/\/boutique.marinakyem.com\/wp-content\/uploads\/2022\/05\/cropped-cropped-cropped-Marina-6-1.png","contentUrl":"https:\/\/boutique.marinakyem.com\/wp-content\/uploads\/2022\/05\/cropped-cropped-cropped-Marina-6-1.png","width":384,"height":255,"caption":"Marina KyEm"},"image":{"@id":"https:\/\/boutique.marinakyem.com\/#\/schema\/logo\/image\/"},"sameAs":["https:\/\/www.facebook.com\/Marina_KyEm-104265781894733\/posts","https:\/\/www.instagram.com\/marina_kyem_auteure\/"]}]}},"_links":{"self":[{"href":"https:\/\/boutique.marinakyem.com\/index.php\/wp-json\/wp\/v2\/product\/189","targetHints":{"allow":["GET"]}}],"collection":[{"href":"https:\/\/boutique.marinakyem.com\/index.php\/wp-json\/wp\/v2\/product"}],"about":[{"href":"https:\/\/boutique.marinakyem.com\/index.php\/wp-json\/wp\/v2\/types\/product"}],"replies":[{"embeddable":true,"href":"https:\/\/boutique.marinakyem.com\/index.php\/wp-json\/wp\/v2\/comments?post=189"}],"wp:featuredmedia":[{"embeddable":true,"href":"https:\/\/boutique.marinakyem.com\/index.php\/wp-json\/wp\/v2\/media\/188"}],"wp:attachment":[{"href":"https:\/\/boutique.marinakyem.com\/index.php\/wp-json\/wp\/v2\/media?parent=189"}],"wp:term":[{"taxonomy":"product_brand","embeddable":true,"href":"https:\/\/boutique.marinakyem.com\/index.php\/wp-json\/wp\/v2\/product_brand?post=189"},{"taxonomy":"product_cat","embeddable":true,"href":"https:\/\/boutique.marinakyem.com\/index.php\/wp-json\/wp\/v2\/product_cat?post=189"},{"taxonomy":"product_tag","embeddable":true,"href":"https:\/\/boutique.marinakyem.com\/index.php\/wp-json\/wp\/v2\/product_tag?post=189"}],"curies":[{"name":"wp","href":"https:\/\/api.w.org\/{rel}","templated":true}]}}